{"id":5965,"date":"2023-08-16T07:16:00","date_gmt":"2023-08-16T07:16:00","guid":{"rendered":"https:\/\/www-f5.ijs.si\/fizika-kvantnih-in-funkcionalnih-materialov\/"},"modified":"2024-03-12T10:20:34","modified_gmt":"2024-03-12T10:20:34","slug":"physics-of-quantum-and-functional-materials","status":"publish","type":"page","link":"https:\/\/www-f5.ijs.si\/en\/about-the-f5-department\/physics-of-quantum-and-functional-materials","title":{"rendered":"Physics of quantum and functional materials"},"content":{"rendered":"\n<div class=\"wp-block-gutena-tabs gutena-tabs-block gutena-tabs-block-db5803-df mobile-scroll\"><ul class=\"gutena-tabs-tab tab-left\"><li class=\"gutena-tab-title active\" data-tab=\"1\"><div class=\"gutena-tab-title-content icon-top\"><div class=\"gutena-tab-title-text\"><div>About research group<\/div><\/div><\/div><\/li><li class=\"gutena-tab-title inactive\" data-tab=\"2\"><div class=\"gutena-tab-title-content icon-top\"><div class=\"gutena-tab-title-text\"><div>Members<\/div><\/div><\/div><\/li><li class=\"gutena-tab-title inactive\" data-tab=\"3\"><div class=\"gutena-tab-title-content icon-top\"><div class=\"gutena-tab-title-text\"><div>Equipment<\/div><\/div><\/div><\/li><\/ul><div class=\"gutena-tabs-content is-layout-flow wp-block-gutena-tabs-is-layout-flow\">\n<div class=\"wp-block-gutena-tab gutena-tab-block gutena-tab-block-aeeb28-e9 active\" data-tab=\"1\">\n<p class=\" eplus-wrapper\"><strong>Head:<\/strong>&nbsp;Prof. Denis Ar\u010don, PhD<\/p>\n\n\n\n<p class=\" eplus-wrapper\"><strong>Code:<\/strong>&nbsp;P1-0125<\/p>\n\n\n\n<p class=\" eplus-wrapper\"><strong>Duration:<\/strong>&nbsp;January 1, 2022\u2013December 31, 2024<\/p>\n\n\n\n<p class=\" eplus-wrapper\">Although quantum effects have been exploited in a wide range of electronic devices for a long time, the past decade has seen a dramatic improvement in our understanding of how subtle quantum effects control macroscopic behaviour of a whole range of materials with different functionalities. The research programme <strong>&#8220;P1-0125: Physics of quantum and functional materials&#8221;<\/strong> will investigate fundamental physical phenomena in such materials and explore the possibility of emerging applications.<\/p>\n\n\n\n<p class=\" eplus-wrapper\">The research programme brings together a broad and complementary expertise of a large group of condensed-matter physicists with a prominent track-record in the field proved by numerous highly-cited publications in high-profile international journals (e.g., Science and Nature series), by various national and international awards, plenary and invited talks at the most prestigious international conferences, as well as by international patents.&nbsp; The focus of the research programme will be around two strongly interlinked directions: materials and related technologies.<\/p>\n\n\n\n<p class=\" eplus-wrapper\">Our main aim will be to deepen the understanding of (i) the quantum entanglement phenomena in materials, (ii) the topological properties and their effect on the ordered states, (iii) the new quasiparticles predicted in low-dimensional quantum materials, (iv) the role of defects in stabilizing the quantum order, (v) the role of electron correlations in fuelling the competition between various types of quantum order, and (vi) the coupling of different degrees of freedom in order to take advantage of the (multi)functional behaviour, such as found in multiferroics and electrocalorics.<\/p>\n\n\n\n<p class=\" eplus-wrapper\">These phenomena will be investigated (i) in carefully selected families of quantum materials exhibiting unconventional superconductivity, quantum magnetism or exotic quantum spin-liquid ground states, (ii) in a range of topological materials, such as those with magnetic skyrmions, (iii) in multicaloric and multiferroic materials, and (iv) in high-entropy alloys.<\/p>\n\n\n\n<p class=\" eplus-wrapper\">The research group will use a broad arsenal of experimental techniques available at the home institution, such as the magnetic resonance and dielectric spectroscopy, thermal and magnetic property measurements, as well as other techniques available at various large-scale user facilities, such as the neutron scattering and the muon spectroscopy. Novel techniques will also be developed to address quantum and functional phenomena over the broad energy, length and time scales. Our experimental findings will not only be compared to the paradigmatic theoretical models, but will also stimulate the research of several potential applications. In particular, we will develop a novel highly sensitive optical magnetometer method challenging the current limitations in sensitivity, we will propose new methods for quantum computing using magnetic resonance techniques, and we will explore novel functionalised materials for 3D printing beyond the current state-of-the-art.<\/p>\n<\/div>\n\n\n\n<div class=\"wp-block-gutena-tab gutena-tab-block gutena-tab-block-029071-0b inactive\" data-tab=\"2\">\n<figure class=\"caption-align-left is-style-stripes wp-block-table eplus-wrapper\"><table><thead><tr><th><strong>Name and surname<\/strong><\/th><th><strong>Role<\/strong><\/th><th><strong><strong>Laboratory<\/strong><\/strong><\/th><th><strong><strong>Room number<\/strong><\/strong><\/th><\/tr><\/thead><tbody><tr><td><br>&nbsp;<br>&nbsp;<br>Denis Ar\u010don<\/td><td>Head of the research group<\/td><td>Pulse EPR laboratory<\/td><td>022A<\/td><\/tr><tr><td>Toma\u017e Apih<\/td><td>Researcher<\/td><td>Relaxometry laboratory<\/td><td>20<\/td><\/tr><tr><td>Tina Arh<\/td><td>Young Researcher<\/td><td>&nbsp;<\/td><td>&nbsp;<\/td><\/tr><tr><td>Franci Bajd<\/td><td>Researcher<\/td><td>&nbsp;<\/td><td>&nbsp;<\/td><\/tr><tr><td>Izidor Benedi\u010di\u010d<\/td><td>Researcher<\/td><td><\/td><td><\/td><\/tr><tr><td>Vid Bobnar<\/td><td>Researcher<\/td><td>Relaxometry laboratory<\/td><td>&nbsp;<\/td><\/tr><tr><td>Janez Dolin\u0161ek<\/td><td>Researcher<\/td><td>NMR laboratory<\/td><td>&nbsp;<\/td><\/tr><tr><td>Darja Ga\u010dnik<\/td><td>Researcher<\/td><td>&nbsp;<\/td><td>&nbsp;<\/td><\/tr><tr><td>Matja\u017e Gomil\u0161ek<\/td><td>Researcher<\/td><td>&nbsp;<\/td><td>&nbsp;<\/td><\/tr><tr><td>Katja Gosar<\/td><td>Young Researcher<\/td><td>&nbsp;<\/td><td>&nbsp;<\/td><\/tr><tr><td>\u017diga Gosar<\/td><td>Young Researcher<\/td><td>&nbsp;<\/td><td>&nbsp;<\/td><\/tr><tr><td>Anton Gradi\u0161ek<\/td><td>Researcher<\/td><td>&nbsp;<\/td><td>&nbsp;<\/td><\/tr><tr><td>Alan Gregorovi\u010d<\/td><td>Researcher<\/td><td>NMR laboratory<\/td><td>&nbsp;<\/td><\/tr><tr><td>Youness Hadouch<\/td><td>Researcher<\/td><td><\/td><td><\/td><\/tr><tr><td>Anton Hromov<\/td><td>Young Researcher<\/td><td>&nbsp;<\/td><td>&nbsp;<\/td><\/tr><tr><td>Dra\u017een Ivanov<\/td><td>Technician<\/td><td>&nbsp;<\/td><td>&nbsp;<\/td><\/tr><tr><td>Peter Jegli\u010d<\/td><td>Researcher<\/td><td>NMR laboratory<\/td><td>&nbsp;<\/td><\/tr><tr><td>Andreja Jelen<\/td><td>Researcher<\/td><td>&nbsp;<\/td><td>&nbsp;<\/td><\/tr><tr><td>Vida Jure\u010di\u010d<\/td><td>Young Researcher<\/td><td>&nbsp;<\/td><td>&nbsp;<\/td><\/tr><tr><td>Martin Klanj\u0161ek<\/td><td>Researcher<\/td><td>NMR laboratory<\/td><td>&nbsp;<\/td><\/tr><tr><td>Tilen Knafli\u010d<\/td><td>Researcher<\/td><td>&nbsp;<\/td><td>&nbsp;<\/td><\/tr><tr><td>Georgios Kordogiannis<\/td><td>Researcher<\/td><td>&nbsp;<\/td><td>&nbsp;<\/td><\/tr><tr><td>Primo\u017e Ko\u017eelj<\/td><td>Researcher<\/td><td>&nbsp;<\/td><td>&nbsp;<\/td><\/tr><tr><td>Zdravko Kutnjak<\/td><td>Researcher<\/td><td>Relaxometry laboratory<\/td><td>&nbsp;<\/td><\/tr><tr><td>Marta Lavri\u010d<\/td><td>Researcher<\/td><td>&nbsp;<\/td><td>&nbsp;<\/td><\/tr><tr><td>Jo\u017ee Luzar<\/td><td>Researcher<\/td><td>&nbsp;<\/td><td>&nbsp;<\/td><\/tr><tr><td>Bojan Marin<\/td><td>Researcher<\/td><td>&nbsp;<\/td><td>&nbsp;<\/td><\/tr><tr><td>Aleksander Matav\u017e<\/td><td>Researcher<\/td><td>&nbsp;<\/td><td>&nbsp;<\/td><\/tr><tr><td>Maj Mejak<\/td><td>Young Researcher<\/td><td><\/td><td><\/td><\/tr><tr><td>Tadej Me\u017enar\u0161i\u010d<\/td><td>Researcher<\/td><td>&nbsp;<\/td><td>&nbsp;<\/td><\/tr><tr><td>Peter Mihor<\/td><td>Technician<\/td><td>&nbsp;<\/td><td>&nbsp;<\/td><\/tr><tr><td>Matic Morgan<\/td><td>Young Researcher<\/td><td>&nbsp;<\/td><td>&nbsp;<\/td><\/tr><tr><td>Nikola Novak<\/td><td>Researcher<\/td><td>&nbsp;<\/td><td>&nbsp;<\/td><\/tr><tr><td>Julia Petrovi\u0107<\/td><td>Young Researcher<\/td><td>&nbsp;<\/td><td>&nbsp;<\/td><\/tr><tr><td>Jure Pirman<\/td><td>Young Researcher<\/td><td><\/td><td><\/td><\/tr><tr><td>Du\u0161an Ponikvar<\/td><td>Researcher<\/td><td>&nbsp;<\/td><td>&nbsp;<\/td><\/tr><tr><td>Matej Pregelj<\/td><td>Researcher<\/td><td>Pulse EPR laboratory<\/td><td>022A<\/td><\/tr><tr><td>Anna Razumnaya<\/td><td>Researcher<\/td><td>&nbsp;<\/td><td>&nbsp;<\/td><\/tr><tr><td>Andra\u017e Re\u0161eti\u010d<\/td><td>Researcher<\/td><td>&nbsp;<\/td><td>&nbsp;<\/td><\/tr><tr><td>Brigita Ro\u017ei\u010d<\/td><td>Researcher<\/td><td>&nbsp;<\/td><td>&nbsp;<\/td><\/tr><tr><td>Yuliia Shyshkina<\/td><td>Researcher<\/td><td>&nbsp;<\/td><td>&nbsp;<\/td><\/tr><tr><td>Yuri Tanuma<\/td><td>Visiting Researcher<\/td><td>&nbsp;<\/td><td>&nbsp;<\/td><\/tr><tr><td>Polona Umek<\/td><td>Researcher<\/td><td>Chemical synthesis laboratory<\/td><td>104<\/td><\/tr><tr><td>Stanislav Vrtnik<\/td><td>Researcher<\/td><td>NMR laboratory<\/td><td>17<\/td><\/tr><tr><td>Magdalena Wencka<\/td><td>Visiting Researcher<\/td><td>&nbsp;<\/td><td>&nbsp;<\/td><\/tr><tr><td>Aleksander Zidan\u0161ek<\/td><td>Researcher<\/td><td>&nbsp;<\/td><td>&nbsp;<\/td><\/tr><tr><td>Andrej Zorko<\/td><td>Researcher<\/td><td>Pulse EPR laboratory<\/td><td>022A<\/td><\/tr><\/tbody><\/table><\/figure>\n<\/div>\n\n\n\n<div class=\"wp-block-gutena-tab gutena-tab-block gutena-tab-block-e567da-60 inactive\" data-tab=\"3\">\n<p class=\" eplus-wrapper\"><strong><strong>Double beam laser interferometer<\/strong><\/strong><\/p>\n\n\n\n<p class=\" eplus-wrapper\"><strong>Description<\/strong><\/p>\n\n\n\n<p class=\" eplus-wrapper\">The double beam laser interferometer (DBLI) is used for parallel measurement of electromechanical and electrical properties of thin dielectric layers in nanostructured materials. The laser beam hits the sample from above and from below at the same time (differential measurement principle), eliminating the influence of sample bending. The system can be used for (i) parallel measurement of electromechanical expansion and electric polarization at large excitation signal, (ii) measurement of piezoelectric coefficient and dielectric constant at low excitation signal, even when dc voltage is applied, and (iii) measurement of strain on electric and electromechanical properties. The system resolution is 0.5 pm and enables measurement of all the listed quantities in the -100\u00b0C to 300\u00b0C temperature range.<\/p>\n\n\n\n<p class=\" eplus-wrapper\"><strong>Access to equipment<\/strong><\/p>\n\n\n\n<p class=\" eplus-wrapper\">To use the equipment, please contact dr. Vid Bobnar (<a href=\"mailto:vid.bobnar@ijs.si\" target=\"_blank\" rel=\"noreferrer noopener\">vid.bobnar@ijs.si<\/a>). The measurements are executed by our researchers, who are have been trained to use the DBLI. External users can bring the samples and participate in the measurements.<\/p>\n\n\n\n<p class=\" eplus-wrapper\"><strong>Price<\/strong><\/p>\n\n\n\n<p class=\" eplus-wrapper\">The price for an hour of the DBLI use is EUR 100. This includes electricity, consumables and execution of measurements by researchers in dr. Bobnar\u2019s research group.<\/p>\n\n\n\n<figure class=\" wp-block-image size-full eplus-wrapper\"><img loading=\"lazy\" decoding=\"async\" width=\"1014\" height=\"760\" src=\"https:\/\/www-f5.ijs.si\/wp-content\/uploads\/2023\/08\/dvo-arkovni-laserski-interferometer.jpeg\" alt=\"\" class=\"wp-image-3197\" srcset=\"https:\/\/www-f5.ijs.si\/wp-content\/uploads\/2023\/08\/dvo-arkovni-laserski-interferometer.jpeg 1014w, https:\/\/www-f5.ijs.si\/wp-content\/uploads\/2023\/08\/dvo-arkovni-laserski-interferometer-300x225.jpeg 300w, https:\/\/www-f5.ijs.si\/wp-content\/uploads\/2023\/08\/dvo-arkovni-laserski-interferometer-768x576.jpeg 768w, https:\/\/www-f5.ijs.si\/wp-content\/uploads\/2023\/08\/dvo-arkovni-laserski-interferometer-200x150.jpeg 200w, https:\/\/www-f5.ijs.si\/wp-content\/uploads\/2023\/08\/dvo-arkovni-laserski-interferometer-400x300.jpeg 400w, https:\/\/www-f5.ijs.si\/wp-content\/uploads\/2023\/08\/dvo-arkovni-laserski-interferometer-600x450.jpeg 600w, https:\/\/www-f5.ijs.si\/wp-content\/uploads\/2023\/08\/dvo-arkovni-laserski-interferometer-800x600.jpeg 800w, https:\/\/www-f5.ijs.si\/wp-content\/uploads\/2023\/08\/dvo-arkovni-laserski-interferometer-1000x750.jpeg 1000w\" sizes=\"auto, (max-width: 1014px) 100vw, 1014px\" \/><\/figure>\n\n\n\n<p class=\" eplus-wrapper\"><strong>SQUID magnetometer Quantum Design MPMS3<\/strong><\/p>\n\n\n\n<p class=\" eplus-wrapper\"><strong>Description<\/strong><\/p>\n\n\n\n<p class=\" eplus-wrapper\">In 2016, a new QD-MPMS3-VSM magnetometer by American manufacturer Quantum Design was installed and commissioned at the JSI. The basis of this magnetometer is a SQUID detector which allow the device to be used as a classical magnetometer or as a VSM (vibrating sample magnetometer). It can be used to measure DC magnetization, AC magnetization, M(H) magnetization curves, and long-time decay of thermoremanent magnetization on long time scales. The magnetometer uses a superconducting magnet with variable magnetic field of \u00b1 7 Tesla, the temperature range of measurements is between 1.8 K and 400 K or between 280 K and 1000 K when an oven is used. The alternating susceptibility can be measured in the frequency range between 0,001 Hz and 1500 Hz. External magnetic field (e.g. geomagnetic field) can be reduced to as little as 0.1 gauss at the sample location. The measurements can be performed under hydrostatic pressure in the range between 0 to 1.3 GPa.<\/p>\n\n\n\n<p class=\" eplus-wrapper\"><strong>Access to equipment<\/strong><\/p>\n\n\n\n<p class=\" eplus-wrapper\">To use the equipment, please contact prof. dr. Janez Dolin\u0161ek (<a href=\"mailto:vid.bobnar@ijs.si\" target=\"_blank\" rel=\"noreferrer noopener\">jani.dolinsek@ijs.si<\/a>) at JSI. The measurements are executed by our researchers, who are have been trained to use the MPMS3 magnetometer (members of prof. Dolin\u0161ek\u2019s research group). External users can bring the samples and participate in the measurements.<\/p>\n\n\n\n<p class=\" eplus-wrapper\"><strong>Price<\/strong><\/p>\n\n\n\n<p class=\" eplus-wrapper\">The price for an hour of magnetometer use is EUR 120. This includes electricity, the necessary liquid helium and execution of measurements by researchers in prof. Dolin\u0161ek\u2019s research group.<\/p>\n\n\n\n<p class=\" eplus-wrapper\"><\/p>\n\n\n\n<figure class=\" wp-block-image size-large eplus-wrapper\"><img loading=\"lazy\" decoding=\"async\" width=\"1024\" height=\"1003\" src=\"https:\/\/www-f5.ijs.si\/wp-content\/uploads\/2023\/08\/mpms3-magnetometer-1-1024x1003.jpeg\" alt=\"\" class=\"wp-image-3199\" srcset=\"https:\/\/www-f5.ijs.si\/wp-content\/uploads\/2023\/08\/mpms3-magnetometer-1-1024x1003.jpeg 1024w, https:\/\/www-f5.ijs.si\/wp-content\/uploads\/2023\/08\/mpms3-magnetometer-1-300x294.jpeg 300w, https:\/\/www-f5.ijs.si\/wp-content\/uploads\/2023\/08\/mpms3-magnetometer-1-768x753.jpeg 768w, https:\/\/www-f5.ijs.si\/wp-content\/uploads\/2023\/08\/mpms3-magnetometer-1-1536x1505.jpeg 1536w, https:\/\/www-f5.ijs.si\/wp-content\/uploads\/2023\/08\/mpms3-magnetometer-1-2048x2007.jpeg 2048w, https:\/\/www-f5.ijs.si\/wp-content\/uploads\/2023\/08\/mpms3-magnetometer-1-200x196.jpeg 200w, https:\/\/www-f5.ijs.si\/wp-content\/uploads\/2023\/08\/mpms3-magnetometer-1-400x392.jpeg 400w, https:\/\/www-f5.ijs.si\/wp-content\/uploads\/2023\/08\/mpms3-magnetometer-1-600x588.jpeg 600w, https:\/\/www-f5.ijs.si\/wp-content\/uploads\/2023\/08\/mpms3-magnetometer-1-800x784.jpeg 800w, https:\/\/www-f5.ijs.si\/wp-content\/uploads\/2023\/08\/mpms3-magnetometer-1-1000x980.jpeg 1000w, https:\/\/www-f5.ijs.si\/wp-content\/uploads\/2023\/08\/mpms3-magnetometer-1-1200x1176.jpeg 1200w, https:\/\/www-f5.ijs.si\/wp-content\/uploads\/2023\/08\/mpms3-magnetometer-1-1400x1372.jpeg 1400w, https:\/\/www-f5.ijs.si\/wp-content\/uploads\/2023\/08\/mpms3-magnetometer-1-1600x1568.jpeg 1600w, https:\/\/www-f5.ijs.si\/wp-content\/uploads\/2023\/08\/mpms3-magnetometer-1-1800x1764.jpeg 1800w, https:\/\/www-f5.ijs.si\/wp-content\/uploads\/2023\/08\/mpms3-magnetometer-1-2000x1960.jpeg 2000w\" sizes=\"auto, (max-width: 1024px) 100vw, 1024px\" \/><\/figure>\n<\/div>\n<\/div><\/div>\n\n\n\n<div style=\"height:40px\" aria-hidden=\"true\" class=\" wp-block-spacer eplus-wrapper\"><\/div>\n","protected":false},"excerpt":{"rendered":"","protected":false},"author":2,"featured_media":0,"parent":6042,"menu_order":0,"comment_status":"closed","ping_status":"closed","template":"","meta":{"_acf_changed":false,"_editorskit_title_hidden":false,"_editorskit_reading_time":0,"_editorskit_is_block_options_detached":false,"_editorskit_block_options_position":"{}","editor_plus_copied_stylings":"{}","footnotes":""},"class_list":["post-5965","page","type-page","status-publish","hentry"],"acf":[],"yoast_head":"<!-- This site is optimized with the Yoast SEO plugin v27.3 - https:\/\/yoast.com\/product\/yoast-seo-wordpress\/ -->\n<title>Physics of quantum and functional materials - In\u0161titut Jo\u017eef Stefan<\/title>\n<meta name=\"robots\" content=\"index, follow, max-snippet:-1, max-image-preview:large, max-video-preview:-1\" \/>\n<link rel=\"canonical\" href=\"https:\/\/www-f5.ijs.si\/en\/about-the-f5-department\/physics-of-quantum-and-functional-materials\" \/>\n<meta property=\"og:locale\" content=\"en_US\" \/>\n<meta property=\"og:type\" content=\"article\" \/>\n<meta property=\"og:title\" content=\"Physics of quantum and functional materials - In\u0161titut Jo\u017eef Stefan\" \/>\n<meta property=\"og:url\" content=\"https:\/\/www-f5.ijs.si\/en\/about-the-f5-department\/physics-of-quantum-and-functional-materials\" \/>\n<meta property=\"og:site_name\" content=\"In\u0161titut Jo\u017eef Stefan\" \/>\n<meta property=\"article:modified_time\" content=\"2024-03-12T10:20:34+00:00\" \/>\n<meta property=\"og:image\" content=\"https:\/\/www-f5.ijs.si\/wp-content\/uploads\/2023\/08\/dvo-arkovni-laserski-interferometer.jpeg\" \/>\n<meta name=\"twitter:card\" content=\"summary_large_image\" \/>\n<meta name=\"twitter:label1\" content=\"Est. reading time\" \/>\n\t<meta name=\"twitter:data1\" content=\"7 minutes\" \/>\n<script type=\"application\/ld+json\" class=\"yoast-schema-graph\">{\"@context\":\"https:\\\/\\\/schema.org\",\"@graph\":[{\"@type\":\"WebPage\",\"@id\":\"https:\\\/\\\/www-f5.ijs.si\\\/en\\\/about-the-f5-department\\\/physics-of-quantum-and-functional-materials\",\"url\":\"https:\\\/\\\/www-f5.ijs.si\\\/en\\\/about-the-f5-department\\\/physics-of-quantum-and-functional-materials\",\"name\":\"Physics of quantum and functional materials - In\u0161titut Jo\u017eef Stefan\",\"isPartOf\":{\"@id\":\"https:\\\/\\\/www-f5.ijs.si\\\/#website\"},\"primaryImageOfPage\":{\"@id\":\"https:\\\/\\\/www-f5.ijs.si\\\/en\\\/about-the-f5-department\\\/physics-of-quantum-and-functional-materials#primaryimage\"},\"image\":{\"@id\":\"https:\\\/\\\/www-f5.ijs.si\\\/en\\\/about-the-f5-department\\\/physics-of-quantum-and-functional-materials#primaryimage\"},\"thumbnailUrl\":\"https:\\\/\\\/www-f5.ijs.si\\\/wp-content\\\/uploads\\\/2023\\\/08\\\/dvo-arkovni-laserski-interferometer.jpeg\",\"datePublished\":\"2023-08-16T07:16:00+00:00\",\"dateModified\":\"2024-03-12T10:20:34+00:00\",\"breadcrumb\":{\"@id\":\"https:\\\/\\\/www-f5.ijs.si\\\/en\\\/about-the-f5-department\\\/physics-of-quantum-and-functional-materials#breadcrumb\"},\"inLanguage\":\"en-US\",\"potentialAction\":[{\"@type\":\"ReadAction\",\"target\":[\"https:\\\/\\\/www-f5.ijs.si\\\/en\\\/about-the-f5-department\\\/physics-of-quantum-and-functional-materials\"]}]},{\"@type\":\"ImageObject\",\"inLanguage\":\"en-US\",\"@id\":\"https:\\\/\\\/www-f5.ijs.si\\\/en\\\/about-the-f5-department\\\/physics-of-quantum-and-functional-materials#primaryimage\",\"url\":\"https:\\\/\\\/www-f5.ijs.si\\\/wp-content\\\/uploads\\\/2023\\\/08\\\/dvo-arkovni-laserski-interferometer.jpeg\",\"contentUrl\":\"https:\\\/\\\/www-f5.ijs.si\\\/wp-content\\\/uploads\\\/2023\\\/08\\\/dvo-arkovni-laserski-interferometer.jpeg\"},{\"@type\":\"BreadcrumbList\",\"@id\":\"https:\\\/\\\/www-f5.ijs.si\\\/en\\\/about-the-f5-department\\\/physics-of-quantum-and-functional-materials#breadcrumb\",\"itemListElement\":[{\"@type\":\"ListItem\",\"position\":1,\"name\":\"About the F5 Department\",\"item\":\"https:\\\/\\\/www-f5.ijs.si\\\/en\\\/about-the-f5-department\"},{\"@type\":\"ListItem\",\"position\":2,\"name\":\"Physics of quantum and functional materials\"}]},{\"@type\":\"WebSite\",\"@id\":\"https:\\\/\\\/www-f5.ijs.si\\\/#website\",\"url\":\"https:\\\/\\\/www-f5.ijs.si\\\/\",\"name\":\"In\u0161titut Jo\u017eef Stefan\",\"description\":\"\",\"potentialAction\":[{\"@type\":\"SearchAction\",\"target\":{\"@type\":\"EntryPoint\",\"urlTemplate\":\"https:\\\/\\\/www-f5.ijs.si\\\/?s={search_term_string}\"},\"query-input\":{\"@type\":\"PropertyValueSpecification\",\"valueRequired\":true,\"valueName\":\"search_term_string\"}}],\"inLanguage\":\"en-US\"}]}<\/script>\n<!-- \/ Yoast SEO plugin. -->","yoast_head_json":{"title":"Physics of quantum and functional materials - In\u0161titut Jo\u017eef Stefan","robots":{"index":"index","follow":"follow","max-snippet":"max-snippet:-1","max-image-preview":"max-image-preview:large","max-video-preview":"max-video-preview:-1"},"canonical":"https:\/\/www-f5.ijs.si\/en\/about-the-f5-department\/physics-of-quantum-and-functional-materials","og_locale":"en_US","og_type":"article","og_title":"Physics of quantum and functional materials - In\u0161titut Jo\u017eef Stefan","og_url":"https:\/\/www-f5.ijs.si\/en\/about-the-f5-department\/physics-of-quantum-and-functional-materials","og_site_name":"In\u0161titut Jo\u017eef Stefan","article_modified_time":"2024-03-12T10:20:34+00:00","og_image":[{"url":"https:\/\/www-f5.ijs.si\/wp-content\/uploads\/2023\/08\/dvo-arkovni-laserski-interferometer.jpeg","type":"","width":"","height":""}],"twitter_card":"summary_large_image","twitter_misc":{"Est. reading time":"7 minutes"},"schema":{"@context":"https:\/\/schema.org","@graph":[{"@type":"WebPage","@id":"https:\/\/www-f5.ijs.si\/en\/about-the-f5-department\/physics-of-quantum-and-functional-materials","url":"https:\/\/www-f5.ijs.si\/en\/about-the-f5-department\/physics-of-quantum-and-functional-materials","name":"Physics of quantum and functional materials - In\u0161titut Jo\u017eef Stefan","isPartOf":{"@id":"https:\/\/www-f5.ijs.si\/#website"},"primaryImageOfPage":{"@id":"https:\/\/www-f5.ijs.si\/en\/about-the-f5-department\/physics-of-quantum-and-functional-materials#primaryimage"},"image":{"@id":"https:\/\/www-f5.ijs.si\/en\/about-the-f5-department\/physics-of-quantum-and-functional-materials#primaryimage"},"thumbnailUrl":"https:\/\/www-f5.ijs.si\/wp-content\/uploads\/2023\/08\/dvo-arkovni-laserski-interferometer.jpeg","datePublished":"2023-08-16T07:16:00+00:00","dateModified":"2024-03-12T10:20:34+00:00","breadcrumb":{"@id":"https:\/\/www-f5.ijs.si\/en\/about-the-f5-department\/physics-of-quantum-and-functional-materials#breadcrumb"},"inLanguage":"en-US","potentialAction":[{"@type":"ReadAction","target":["https:\/\/www-f5.ijs.si\/en\/about-the-f5-department\/physics-of-quantum-and-functional-materials"]}]},{"@type":"ImageObject","inLanguage":"en-US","@id":"https:\/\/www-f5.ijs.si\/en\/about-the-f5-department\/physics-of-quantum-and-functional-materials#primaryimage","url":"https:\/\/www-f5.ijs.si\/wp-content\/uploads\/2023\/08\/dvo-arkovni-laserski-interferometer.jpeg","contentUrl":"https:\/\/www-f5.ijs.si\/wp-content\/uploads\/2023\/08\/dvo-arkovni-laserski-interferometer.jpeg"},{"@type":"BreadcrumbList","@id":"https:\/\/www-f5.ijs.si\/en\/about-the-f5-department\/physics-of-quantum-and-functional-materials#breadcrumb","itemListElement":[{"@type":"ListItem","position":1,"name":"About the F5 Department","item":"https:\/\/www-f5.ijs.si\/en\/about-the-f5-department"},{"@type":"ListItem","position":2,"name":"Physics of quantum and functional materials"}]},{"@type":"WebSite","@id":"https:\/\/www-f5.ijs.si\/#website","url":"https:\/\/www-f5.ijs.si\/","name":"In\u0161titut Jo\u017eef Stefan","description":"","potentialAction":[{"@type":"SearchAction","target":{"@type":"EntryPoint","urlTemplate":"https:\/\/www-f5.ijs.si\/?s={search_term_string}"},"query-input":{"@type":"PropertyValueSpecification","valueRequired":true,"valueName":"search_term_string"}}],"inLanguage":"en-US"}]}},"_links":{"self":[{"href":"https:\/\/www-f5.ijs.si\/en\/wp-json\/wp\/v2\/pages\/5965","targetHints":{"allow":["GET"]}}],"collection":[{"href":"https:\/\/www-f5.ijs.si\/en\/wp-json\/wp\/v2\/pages"}],"about":[{"href":"https:\/\/www-f5.ijs.si\/en\/wp-json\/wp\/v2\/types\/page"}],"author":[{"embeddable":true,"href":"https:\/\/www-f5.ijs.si\/en\/wp-json\/wp\/v2\/users\/2"}],"replies":[{"embeddable":true,"href":"https:\/\/www-f5.ijs.si\/en\/wp-json\/wp\/v2\/comments?post=5965"}],"version-history":[{"count":3,"href":"https:\/\/www-f5.ijs.si\/en\/wp-json\/wp\/v2\/pages\/5965\/revisions"}],"predecessor-version":[{"id":8558,"href":"https:\/\/www-f5.ijs.si\/en\/wp-json\/wp\/v2\/pages\/5965\/revisions\/8558"}],"up":[{"embeddable":true,"href":"https:\/\/www-f5.ijs.si\/en\/wp-json\/wp\/v2\/pages\/6042"}],"wp:attachment":[{"href":"https:\/\/www-f5.ijs.si\/en\/wp-json\/wp\/v2\/media?parent=5965"}],"curies":[{"name":"wp","href":"https:\/\/api.w.org\/{rel}","templated":true}]}}