{"id":6022,"date":"2023-08-25T10:58:58","date_gmt":"2023-08-25T10:58:58","guid":{"rendered":"https:\/\/www-f5.ijs.si\/post-doctoral-projects\/"},"modified":"2023-12-28T13:25:16","modified_gmt":"2023-12-28T13:25:16","slug":"post-doctoral-projects","status":"publish","type":"page","link":"https:\/\/www-f5.ijs.si\/en\/post-doctoral-projects","title":{"rendered":"Post-doctoral projects"},"content":{"rendered":"\n<h2 class=\" wp-block-heading has-blue-color has-text-color eplus-wrapper\">Past projects<\/h2>\n\n\n\n<div style=\"height:40px\" aria-hidden=\"true\" class=\" wp-block-spacer eplus-wrapper\"><\/div>\n\n\n\n<div class=\"wp-block-gutena-accordion gutena-accordion-block gutena-accordion-block-21e250-46 theme_accordian is-layout-flow wp-block-gutena-accordion-is-layout-flow\" data-single=\"false\" data-open=\"0\">\n<div class=\"wp-block-gutena-accordion-panel gutena-accordion-block__panel\">\n<div class=\"wp-block-gutena-accordion-panel-title gutena-accordion-block__panel-title\"><div class=\"gutena-accordion-block__panel-title-inner\">\n<h6 class=\" wp-block-heading has-text-align-left eplus-wrapper\" style=\"margin-top:0px;margin-right:0px;margin-bottom:0px;margin-left:0px\">Z1-1852 Frustraded skyrmions studied by nuclear magnetic resonance, 1. 10. 2019-30. 9. 2021<\/h6>\n<div class=\"trigger-up-down\"><div class=\"horizontal\"><\/div><div class=\"vertical\"><\/div><\/div><\/div><\/div>\n\n\n\n<div class=\"wp-block-gutena-accordion-panel-content gutena-accordion-block__panel-content\"><div class=\"gutena-accordion-block__panel-content-inner\">\n<p class=\" eplus-wrapper\"><strong><strong>Code<\/strong>:<\/strong>&nbsp;Z1-1852<\/p>\n\n\n\n<p class=\" eplus-wrapper\"><strong><strong>Project name<\/strong>:&nbsp;&nbsp;<\/strong><a href=\"http:\/\/www.sicris.si\/search\/prj.aspx?lang=eng&amp;id=17989\" target=\"_blank\" rel=\"noreferrer noopener\">Frustrated skyrmions studied by nuclear magnetic resonance<\/a><\/p>\n\n\n\n<figure class=\" wp-block-image size-full eplus-wrapper\"><img loading=\"lazy\" decoding=\"async\" width=\"478\" height=\"205\" src=\"https:\/\/www-f5.ijs.si\/wp-content\/uploads\/2023\/08\/vloga-celi-nega-lipidnega-metabolizma-pri-amiotrofi-ni-lateral-1.jpg\" alt=\"\" class=\"wp-image-3640\" srcset=\"https:\/\/www-f5.ijs.si\/wp-content\/uploads\/2023\/08\/vloga-celi-nega-lipidnega-metabolizma-pri-amiotrofi-ni-lateral-1.jpg 478w, https:\/\/www-f5.ijs.si\/wp-content\/uploads\/2023\/08\/vloga-celi-nega-lipidnega-metabolizma-pri-amiotrofi-ni-lateral-1-300x129.jpg 300w, https:\/\/www-f5.ijs.si\/wp-content\/uploads\/2023\/08\/vloga-celi-nega-lipidnega-metabolizma-pri-amiotrofi-ni-lateral-1-200x86.jpg 200w, https:\/\/www-f5.ijs.si\/wp-content\/uploads\/2023\/08\/vloga-celi-nega-lipidnega-metabolizma-pri-amiotrofi-ni-lateral-1-400x172.jpg 400w\" sizes=\"auto, (max-width: 478px) 100vw, 478px\" \/><\/figure>\n\n\n\n<p class=\" eplus-wrapper\"><strong><strong>Project head<\/strong>:&nbsp;<\/strong>dr. <a href=\"https:\/\/www-f5.ijs.si\/matjaz-gomilsek\/\" class=\"ek-link\">Matja\u017e Gomil\u0161ek<\/a><\/p>\n\n\n\n<p class=\" eplus-wrapper\"><strong><strong>Research organisation<\/strong>:&nbsp;<\/strong><a href=\"http:\/\/www.sicris.si\/public\/jqm\/org.aspx?lang=slv&amp;opdescr=search&amp;opt=2&amp;subopt=500&amp;code1=org&amp;code2=auto&amp;psize=10&amp;hits=1&amp;page=1&amp;count=1&amp;id=559&amp;slng=slv&amp;search_term=institut+jo%c5%beef+stefan%E2%84%B4by\" target=\"_blank\" rel=\"noreferrer noopener\" class=\"ek-link\">Institut &#8216;Jo\u017eef Stefan&#8217;<\/a><\/p>\n\n\n\n<p class=\" eplus-wrapper\"><a href=\"http:\/\/www.sicris.si\/public\/jqm\/rsr.aspx?lang=slv&amp;opdescr=search&amp;opt=2&amp;subopt=300&amp;code1=cmn&amp;code2=auto&amp;psize=1&amp;hits=1&amp;page=1&amp;count=&amp;search_term=topologija%20in%20fotonske&amp;id=43882&amp;slng=%E2%84%B4by=\" target=\"_blank\" rel=\"noreferrer noopener\"><br><\/a><strong><strong>Project description<\/strong><\/strong><\/p>\n\n\n\n<p class=\" eplus-wrapper\">Magnetic skyrmions are a promising emerging solution to the problem of high-density, low-energy data storage and have been intensely investigated in recent years. These topologically-protected vortices of magnetization have up till recently been known to appear exclusively in certain chiral magnets with broken space-inversion symmetry and have required fine-tuned external conditions for their existence. This hampered their practical application and slowed down our rate of progress in understanding them, as many powerful methods could not be applied to study them at the requisite low magnetic fields.<br>All of this changed with the very recent twin discoveries of a completely new kind of magnetic skyrmion \u2013 frustrated skyrmion \u2013 in non-chiral, space-inversion-symmetric, but highly frustrated, magnets Gd2PdSi3 and Gd3Ru4Al12. Frustrated skyrmions in these compounds are thermodynamically stable across a wide range of temperatures and magnetic fields, and are also much smaller, promising a substantially increased maximal data storage density. These properties arise from a novel skyrmion-stabilization mechanism, supplanting the chiral Dzyaloshinskii-Moriya interactions of conventional skyrmion materials with a competition (frustration) between non-chiral microscopic interactions.<br>Therefore it is imperative to understand both the nature and dynamics of the newly-discovered frustrated skyrmions, their response to doping and chemical substitution as well as the precise identity of the frustrated competing interactions. Answering these questions is not only important from the fundamental-physics point of view, but also for designing optimized skyrmion-hosting materials for practical applications.<br>As the newly-discovered frustrated skyrmions are stable up to an order of magnitude higher magnetic fields than conventional, chiral skyrmions, and because both compounds have favourable spinful nuclei (spin 1\/2 29Si and spin 5\/2 27Al), I propose to bring the powerful technique of nuclear magnetic resonance (NMR) to bear on these questions. This would mark the first-ever application of this technique to the study of a skyrmion material and should thus provide an unprecedented new look at skyrmions by observing the distribution of their internal magnetic fields, as well as their emergent dynamics.<br>The proposed project would consist of synthesizing single-crystal samples of Gd2PdSi3 and Gd3Ru4Al12, performing preliminary characterization of them using X-ray diffraction and magnetic susceptibility measurements, and then acquiring NMR spectra to extract the internal field distributions, and performing NMR spin-relaxation measurements to access information about the dynamics of skyrmions in these materials. This would be supported as needed by complementary measurements of specific heat, magnetic torque, muon spin relaxation\/resonance (\u00b5SR), and others.<br>A further intriguing question is the response of frustrated skyrmions to doping and the possibility of the existence of skyrmions also in other (fully-substituted) compounds in the R2PdSi3 and R3Ru4Al12 series (R: rare earth). The project would also encompass this through a proposed synthesis and NMR measurement of doped and substituted representatives from these two chemical series.<br>Finally, the insights thus gained would be transferred to other, conventional skyrmion materials by a world-first skyrmion application of nuclear quadrupole resonance (NQR) \u2013 and possibly \u03b2NMR \u2013 two more challenging variants of NMR that also work in much lower applied magnetic fields.<br>The proposed project would facilitate a step-change in our understanding of magnetic skyrmions. The project would also establish a collaboration between the Jo\u017eef Stefan Institute and the \u00a37 million UK EPSRC-funded Skyrmion Project, as most of the sample growth and preliminary characterization would be performed by the UK partners, while NMR measurements would be performed at the Jo\u017eef Stefan Institute.<\/p>\n\n\n\n<p class=\" eplus-wrapper\">Laser made entirely of living cells and materials derived from living cells<\/p>\n\n\n\n<p class=\" eplus-wrapper\"><strong>Leaders:<\/strong>&nbsp;Matja\u017e Humar, PhD, professor Igor Mu\u0161evi\u010d, Phd<\/p>\n\n\n\n<p class=\" eplus-wrapper\"><strong>Research programme:<\/strong>&nbsp;Physics of soft matter, surfaces and nanostructures<\/p>\n\n\n\n<p class=\" eplus-wrapper\"><strong>Financed by:<\/strong>&nbsp;European Comission<\/p>\n\n\n\n<p class=\" eplus-wrapper\"><strong>Code:<\/strong>&nbsp;PR-05704<\/p>\n\n\n\n<p class=\" eplus-wrapper\"><strong>Duration:<\/strong>&nbsp;November 1, 2014\u2013April 30, 2017<\/p>\n<\/div><\/div>\n<\/div>\n<\/div>\n","protected":false},"excerpt":{"rendered":"<p>Past projects<\/p>\n","protected":false},"author":2,"featured_media":0,"parent":0,"menu_order":0,"comment_status":"closed","ping_status":"closed","template":"","meta":{"_acf_changed":false,"_editorskit_title_hidden":false,"_editorskit_reading_time":0,"_editorskit_is_block_options_detached":false,"_editorskit_block_options_position":"{}","editor_plus_copied_stylings":"{}","footnotes":""},"class_list":["post-6022","page","type-page","status-publish","hentry"],"acf":[],"yoast_head":"<!-- This site is optimized with the Yoast SEO plugin v27.3 - https:\/\/yoast.com\/product\/yoast-seo-wordpress\/ -->\n<title>Post-doctoral projects - In\u0161titut Jo\u017eef Stefan<\/title>\n<meta name=\"robots\" content=\"index, follow, max-snippet:-1, max-image-preview:large, max-video-preview:-1\" \/>\n<link rel=\"canonical\" href=\"https:\/\/www-f5.ijs.si\/en\/post-doctoral-projects\" \/>\n<meta property=\"og:locale\" content=\"en_US\" \/>\n<meta property=\"og:type\" content=\"article\" \/>\n<meta property=\"og:title\" content=\"Post-doctoral projects - In\u0161titut Jo\u017eef Stefan\" \/>\n<meta property=\"og:description\" content=\"Past projects\" \/>\n<meta property=\"og:url\" content=\"https:\/\/www-f5.ijs.si\/en\/post-doctoral-projects\" \/>\n<meta property=\"og:site_name\" content=\"In\u0161titut Jo\u017eef Stefan\" \/>\n<meta property=\"article:modified_time\" content=\"2023-12-28T13:25:16+00:00\" \/>\n<meta property=\"og:image\" content=\"https:\/\/www-f5.ijs.si\/wp-content\/uploads\/2023\/08\/vloga-celi-nega-lipidnega-metabolizma-pri-amiotrofi-ni-lateral-1.jpg\" \/>\n<meta name=\"twitter:card\" content=\"summary_large_image\" \/>\n<meta name=\"twitter:label1\" content=\"Est. reading time\" \/>\n\t<meta name=\"twitter:data1\" content=\"3 minutes\" \/>\n<script type=\"application\/ld+json\" class=\"yoast-schema-graph\">{\"@context\":\"https:\\\/\\\/schema.org\",\"@graph\":[{\"@type\":\"WebPage\",\"@id\":\"https:\\\/\\\/www-f5.ijs.si\\\/en\\\/post-doctoral-projects\",\"url\":\"https:\\\/\\\/www-f5.ijs.si\\\/en\\\/post-doctoral-projects\",\"name\":\"Post-doctoral projects - In\u0161titut Jo\u017eef Stefan\",\"isPartOf\":{\"@id\":\"https:\\\/\\\/www-f5.ijs.si\\\/#website\"},\"primaryImageOfPage\":{\"@id\":\"https:\\\/\\\/www-f5.ijs.si\\\/en\\\/post-doctoral-projects#primaryimage\"},\"image\":{\"@id\":\"https:\\\/\\\/www-f5.ijs.si\\\/en\\\/post-doctoral-projects#primaryimage\"},\"thumbnailUrl\":\"https:\\\/\\\/www-f5.ijs.si\\\/wp-content\\\/uploads\\\/2023\\\/08\\\/vloga-celi-nega-lipidnega-metabolizma-pri-amiotrofi-ni-lateral-1.jpg\",\"datePublished\":\"2023-08-25T10:58:58+00:00\",\"dateModified\":\"2023-12-28T13:25:16+00:00\",\"inLanguage\":\"en-US\",\"potentialAction\":[{\"@type\":\"ReadAction\",\"target\":[\"https:\\\/\\\/www-f5.ijs.si\\\/en\\\/post-doctoral-projects\"]}]},{\"@type\":\"ImageObject\",\"inLanguage\":\"en-US\",\"@id\":\"https:\\\/\\\/www-f5.ijs.si\\\/en\\\/post-doctoral-projects#primaryimage\",\"url\":\"https:\\\/\\\/www-f5.ijs.si\\\/wp-content\\\/uploads\\\/2023\\\/08\\\/vloga-celi-nega-lipidnega-metabolizma-pri-amiotrofi-ni-lateral-1.jpg\",\"contentUrl\":\"https:\\\/\\\/www-f5.ijs.si\\\/wp-content\\\/uploads\\\/2023\\\/08\\\/vloga-celi-nega-lipidnega-metabolizma-pri-amiotrofi-ni-lateral-1.jpg\"},{\"@type\":\"WebSite\",\"@id\":\"https:\\\/\\\/www-f5.ijs.si\\\/#website\",\"url\":\"https:\\\/\\\/www-f5.ijs.si\\\/\",\"name\":\"In\u0161titut Jo\u017eef Stefan\",\"description\":\"\",\"potentialAction\":[{\"@type\":\"SearchAction\",\"target\":{\"@type\":\"EntryPoint\",\"urlTemplate\":\"https:\\\/\\\/www-f5.ijs.si\\\/?s={search_term_string}\"},\"query-input\":{\"@type\":\"PropertyValueSpecification\",\"valueRequired\":true,\"valueName\":\"search_term_string\"}}],\"inLanguage\":\"en-US\"}]}<\/script>\n<!-- \/ Yoast SEO plugin. -->","yoast_head_json":{"title":"Post-doctoral projects - In\u0161titut Jo\u017eef Stefan","robots":{"index":"index","follow":"follow","max-snippet":"max-snippet:-1","max-image-preview":"max-image-preview:large","max-video-preview":"max-video-preview:-1"},"canonical":"https:\/\/www-f5.ijs.si\/en\/post-doctoral-projects","og_locale":"en_US","og_type":"article","og_title":"Post-doctoral projects - In\u0161titut Jo\u017eef Stefan","og_description":"Past projects","og_url":"https:\/\/www-f5.ijs.si\/en\/post-doctoral-projects","og_site_name":"In\u0161titut Jo\u017eef Stefan","article_modified_time":"2023-12-28T13:25:16+00:00","og_image":[{"url":"https:\/\/www-f5.ijs.si\/wp-content\/uploads\/2023\/08\/vloga-celi-nega-lipidnega-metabolizma-pri-amiotrofi-ni-lateral-1.jpg","type":"","width":"","height":""}],"twitter_card":"summary_large_image","twitter_misc":{"Est. reading time":"3 minutes"},"schema":{"@context":"https:\/\/schema.org","@graph":[{"@type":"WebPage","@id":"https:\/\/www-f5.ijs.si\/en\/post-doctoral-projects","url":"https:\/\/www-f5.ijs.si\/en\/post-doctoral-projects","name":"Post-doctoral projects - In\u0161titut Jo\u017eef Stefan","isPartOf":{"@id":"https:\/\/www-f5.ijs.si\/#website"},"primaryImageOfPage":{"@id":"https:\/\/www-f5.ijs.si\/en\/post-doctoral-projects#primaryimage"},"image":{"@id":"https:\/\/www-f5.ijs.si\/en\/post-doctoral-projects#primaryimage"},"thumbnailUrl":"https:\/\/www-f5.ijs.si\/wp-content\/uploads\/2023\/08\/vloga-celi-nega-lipidnega-metabolizma-pri-amiotrofi-ni-lateral-1.jpg","datePublished":"2023-08-25T10:58:58+00:00","dateModified":"2023-12-28T13:25:16+00:00","inLanguage":"en-US","potentialAction":[{"@type":"ReadAction","target":["https:\/\/www-f5.ijs.si\/en\/post-doctoral-projects"]}]},{"@type":"ImageObject","inLanguage":"en-US","@id":"https:\/\/www-f5.ijs.si\/en\/post-doctoral-projects#primaryimage","url":"https:\/\/www-f5.ijs.si\/wp-content\/uploads\/2023\/08\/vloga-celi-nega-lipidnega-metabolizma-pri-amiotrofi-ni-lateral-1.jpg","contentUrl":"https:\/\/www-f5.ijs.si\/wp-content\/uploads\/2023\/08\/vloga-celi-nega-lipidnega-metabolizma-pri-amiotrofi-ni-lateral-1.jpg"},{"@type":"WebSite","@id":"https:\/\/www-f5.ijs.si\/#website","url":"https:\/\/www-f5.ijs.si\/","name":"In\u0161titut Jo\u017eef Stefan","description":"","potentialAction":[{"@type":"SearchAction","target":{"@type":"EntryPoint","urlTemplate":"https:\/\/www-f5.ijs.si\/?s={search_term_string}"},"query-input":{"@type":"PropertyValueSpecification","valueRequired":true,"valueName":"search_term_string"}}],"inLanguage":"en-US"}]}},"_links":{"self":[{"href":"https:\/\/www-f5.ijs.si\/en\/wp-json\/wp\/v2\/pages\/6022","targetHints":{"allow":["GET"]}}],"collection":[{"href":"https:\/\/www-f5.ijs.si\/en\/wp-json\/wp\/v2\/pages"}],"about":[{"href":"https:\/\/www-f5.ijs.si\/en\/wp-json\/wp\/v2\/types\/page"}],"author":[{"embeddable":true,"href":"https:\/\/www-f5.ijs.si\/en\/wp-json\/wp\/v2\/users\/2"}],"replies":[{"embeddable":true,"href":"https:\/\/www-f5.ijs.si\/en\/wp-json\/wp\/v2\/comments?post=6022"}],"version-history":[{"count":3,"href":"https:\/\/www-f5.ijs.si\/en\/wp-json\/wp\/v2\/pages\/6022\/revisions"}],"predecessor-version":[{"id":6746,"href":"https:\/\/www-f5.ijs.si\/en\/wp-json\/wp\/v2\/pages\/6022\/revisions\/6746"}],"wp:attachment":[{"href":"https:\/\/www-f5.ijs.si\/en\/wp-json\/wp\/v2\/media?parent=6022"}],"curies":[{"name":"wp","href":"https:\/\/api.w.org\/{rel}","templated":true}]}}