{"id":6082,"date":"2023-11-07T12:21:28","date_gmt":"2023-11-07T12:21:28","guid":{"rendered":"https:\/\/www-f5.ijs.si\/pomembne-povezave\/"},"modified":"2024-01-22T12:19:11","modified_gmt":"2024-01-22T12:19:11","slug":"importants-links","status":"publish","type":"page","link":"https:\/\/www-f5.ijs.si\/en\/importants-links","title":{"rendered":"Importants Links"},"content":{"rendered":"\n<p class=\" eplus-wrapper\"><a href=\"https:\/\/www.ijs.si\/ijsw\/V001\/JSI\" target=\"_blank\" rel=\"noreferrer noopener\" class=\"ek-link\"><strong>Jo\u017eef Stefan Institut<\/strong>e<\/a><\/p>\n\n\n\n<p class=\" eplus-wrapper\"><a href=\"https:\/\/www.fmf.uni-lj.si\/en\" target=\"_blank\" aria-label=\" (opens in a new tab)\" rel=\"noreferrer noopener\" class=\"ek-link\"><strong>Faculty of Mathematics and Physics, University of Ljubljana<\/strong><\/a><\/p>\n\n\n\n<p class=\" eplus-wrapper\"><a href=\"https:\/\/www.mps.si\/en\/\" target=\"_blank\" rel=\"noreferrer noopener\" class=\"ek-link\"><strong>Jo\u017eef Stefan International Postgraduate School<\/strong><\/a><\/p>\n\n\n\n<p class=\" eplus-wrapper\"><strong><a aria-label=\"Slovenian Research Agency\u00a0 (opens in a new tab)\" href=\"http:\/\/www.aris-rs.si\/en\/\" target=\"_blank\" rel=\"noreferrer noopener\" class=\"ek-link\"><strong>Slovenian Research and Innovation Agency<\/strong>\u00a0<\/a><\/strong><\/p>\n","protected":false},"excerpt":{"rendered":"<p>Jo\u017eef Stefan Institute Faculty of Mathematics and Physics, University of Ljubljana Jo\u017eef Stefan International Postgraduate School Slovenian Research and Innovation Agency\u00a0<\/p>\n","protected":false},"author":2,"featured_media":0,"parent":0,"menu_order":0,"comment_status":"closed","ping_status":"closed","template":"","meta":{"_acf_changed":false,"_editorskit_title_hidden":false,"_editorskit_reading_time":0,"_editorskit_is_block_options_detached":false,"_editorskit_block_options_position":"{}","editor_plus_copied_stylings":"{}","footnotes":""},"class_list":["post-6082","page","type-page","status-publish","hentry"],"acf":[],"yoast_head":"<!-- This site is optimized with the Yoast SEO plugin v27.3 - https:\/\/yoast.com\/product\/yoast-seo-wordpress\/ -->\n<title>Importants Links - In\u0161titut Jo\u017eef Stefan<\/title>\n<meta name=\"robots\" content=\"index, follow, max-snippet:-1, max-image-preview:large, max-video-preview:-1\" \/>\n<link rel=\"canonical\" href=\"https:\/\/www-f5.ijs.si\/en\/importants-links\" \/>\n<meta property=\"og:locale\" content=\"en_US\" \/>\n<meta property=\"og:type\" content=\"article\" \/>\n<meta property=\"og:title\" content=\"Importants Links - In\u0161titut Jo\u017eef Stefan\" \/>\n<meta property=\"og:description\" content=\"Jo\u017eef Stefan Institute Faculty of Mathematics and Physics, University of Ljubljana Jo\u017eef Stefan International Postgraduate School Slovenian Research and Innovation Agency\u00a0\" \/>\n<meta property=\"og:url\" content=\"https:\/\/www-f5.ijs.si\/en\/importants-links\" \/>\n<meta property=\"og:site_name\" content=\"In\u0161titut Jo\u017eef Stefan\" \/>\n<meta property=\"article:modified_time\" content=\"2024-01-22T12:19:11+00:00\" \/>\n<meta name=\"twitter:card\" content=\"summary_large_image\" \/>\n<meta name=\"twitter:label1\" content=\"Est. reading time\" \/>\n\t<meta name=\"twitter:data1\" content=\"1 minute\" \/>\n<script type=\"application\/ld+json\" class=\"yoast-schema-graph\">{\"@context\":\"https:\\\/\\\/schema.org\",\"@graph\":[{\"@type\":\"WebPage\",\"@id\":\"https:\\\/\\\/www-f5.ijs.si\\\/en\\\/importants-links\",\"url\":\"https:\\\/\\\/www-f5.ijs.si\\\/en\\\/importants-links\",\"name\":\"Importants Links - In\u0161titut Jo\u017eef Stefan\",\"isPartOf\":{\"@id\":\"https:\\\/\\\/www-f5.ijs.si\\\/#website\"},\"datePublished\":\"2023-11-07T12:21:28+00:00\",\"dateModified\":\"2024-01-22T12:19:11+00:00\",\"inLanguage\":\"en-US\",\"potentialAction\":[{\"@type\":\"ReadAction\",\"target\":[\"https:\\\/\\\/www-f5.ijs.si\\\/en\\\/importants-links\"]}]},{\"@type\":\"WebSite\",\"@id\":\"https:\\\/\\\/www-f5.ijs.si\\\/#website\",\"url\":\"https:\\\/\\\/www-f5.ijs.si\\\/\",\"name\":\"In\u0161titut Jo\u017eef Stefan\",\"description\":\"\",\"potentialAction\":[{\"@type\":\"SearchAction\",\"target\":{\"@type\":\"EntryPoint\",\"urlTemplate\":\"https:\\\/\\\/www-f5.ijs.si\\\/?s={search_term_string}\"},\"query-input\":{\"@type\":\"PropertyValueSpecification\",\"valueRequired\":true,\"valueName\":\"search_term_string\"}}],\"inLanguage\":\"en-US\"}]}<\/script>\n<!-- \/ Yoast SEO plugin. -->","yoast_head_json":{"title":"Importants Links - In\u0161titut Jo\u017eef Stefan","robots":{"index":"index","follow":"follow","max-snippet":"max-snippet:-1","max-image-preview":"max-image-preview:large","max-video-preview":"max-video-preview:-1"},"canonical":"https:\/\/www-f5.ijs.si\/en\/importants-links","og_locale":"en_US","og_type":"article","og_title":"Importants Links - In\u0161titut Jo\u017eef Stefan","og_description":"Jo\u017eef Stefan Institute Faculty of Mathematics and Physics, University of Ljubljana Jo\u017eef Stefan International Postgraduate School Slovenian Research and Innovation Agency\u00a0","og_url":"https:\/\/www-f5.ijs.si\/en\/importants-links","og_site_name":"In\u0161titut Jo\u017eef Stefan","article_modified_time":"2024-01-22T12:19:11+00:00","twitter_card":"summary_large_image","twitter_misc":{"Est. reading time":"1 minute"},"schema":{"@context":"https:\/\/schema.org","@graph":[{"@type":"WebPage","@id":"https:\/\/www-f5.ijs.si\/en\/importants-links","url":"https:\/\/www-f5.ijs.si\/en\/importants-links","name":"Importants Links - In\u0161titut Jo\u017eef Stefan","isPartOf":{"@id":"https:\/\/www-f5.ijs.si\/#website"},"datePublished":"2023-11-07T12:21:28+00:00","dateModified":"2024-01-22T12:19:11+00:00","inLanguage":"en-US","potentialAction":[{"@type":"ReadAction","target":["https:\/\/www-f5.ijs.si\/en\/importants-links"]}]},{"@type":"WebSite","@id":"https:\/\/www-f5.ijs.si\/#website","url":"https:\/\/www-f5.ijs.si\/","name":"In\u0161titut Jo\u017eef Stefan","description":"","potentialAction":[{"@type":"SearchAction","target":{"@type":"EntryPoint","urlTemplate":"https:\/\/www-f5.ijs.si\/?s={search_term_string}"},"query-input":{"@type":"PropertyValueSpecification","valueRequired":true,"valueName":"search_term_string"}}],"inLanguage":"en-US"}]}},"_links":{"self":[{"href":"https:\/\/www-f5.ijs.si\/en\/wp-json\/wp\/v2\/pages\/6082","targetHints":{"allow":["GET"]}}],"collection":[{"href":"https:\/\/www-f5.ijs.si\/en\/wp-json\/wp\/v2\/pages"}],"about":[{"href":"https:\/\/www-f5.ijs.si\/en\/wp-json\/wp\/v2\/types\/page"}],"author":[{"embeddable":true,"href":"https:\/\/www-f5.ijs.si\/en\/wp-json\/wp\/v2\/users\/2"}],"replies":[{"embeddable":true,"href":"https:\/\/www-f5.ijs.si\/en\/wp-json\/wp\/v2\/comments?post=6082"}],"version-history":[{"count":3,"href":"https:\/\/www-f5.ijs.si\/en\/wp-json\/wp\/v2\/pages\/6082\/revisions"}],"predecessor-version":[{"id":7842,"href":"https:\/\/www-f5.ijs.si\/en\/wp-json\/wp\/v2\/pages\/6082\/revisions\/7842"}],"wp:attachment":[{"href":"https:\/\/www-f5.ijs.si\/en\/wp-json\/wp\/v2\/media?parent=6082"}],"curies":[{"name":"wp","href":"https:\/\/api.w.org\/{rel}","templated":true}]}}