{"id":6285,"date":"2023-08-25T10:53:20","date_gmt":"2023-08-25T10:53:20","guid":{"rendered":"https:\/\/www-f5.ijs.si\/noo\/"},"modified":"2024-10-17T08:15:42","modified_gmt":"2024-10-17T08:15:42","slug":"noo","status":"publish","type":"page","link":"https:\/\/www-f5.ijs.si\/en\/noo","title":{"rendered":"NOO"},"content":{"rendered":"\n<figure class=\" wp-block-image size-full eplus-wrapper\"><img loading=\"lazy\" decoding=\"async\" width=\"318\" height=\"59\" src=\"https:\/\/www-f5.ijs.si\/wp-content\/uploads\/2023\/08\/noo_logo_rgb_primarni_en_gradient-320x59-1.png\" alt=\"\" class=\"wp-image-3661\" srcset=\"https:\/\/www-f5.ijs.si\/wp-content\/uploads\/2023\/08\/noo_logo_rgb_primarni_en_gradient-320x59-1.png 318w, https:\/\/www-f5.ijs.si\/wp-content\/uploads\/2023\/08\/noo_logo_rgb_primarni_en_gradient-320x59-1-300x56.png 300w, https:\/\/www-f5.ijs.si\/wp-content\/uploads\/2023\/08\/noo_logo_rgb_primarni_en_gradient-320x59-1-200x37.png 200w\" sizes=\"auto, (max-width: 318px) 100vw, 318px\" \/><\/figure>\n\n\n\n<div style=\"height:40px\" aria-hidden=\"true\" class=\" wp-block-spacer eplus-wrapper\"><\/div>\n\n\n\n<div class=\"wp-block-gutena-accordion gutena-accordion-block gutena-accordion-block-098308-a6 theme_accordian is-layout-flow wp-block-gutena-accordion-is-layout-flow\" data-single=\"false\" data-open=\"0\">\n<div class=\"wp-block-gutena-accordion-panel gutena-accordion-block__panel\">\n<div class=\"wp-block-gutena-accordion-panel-title gutena-accordion-block__panel-title\"><div class=\"gutena-accordion-block__panel-title-inner\">\n<h6 class=\" wp-block-heading has-text-align-left eplus-wrapper\" style=\"margin-top:0px;margin-right:0px;margin-bottom:0px;margin-left:0px\">PR-12213 Slovenian Quantum Communication Infrastructure Demonstration (SIQUID), 1. 1. 2013-30. 6. 2025<\/h6>\n<div class=\"trigger-up-down\"><div class=\"horizontal\"><\/div><div class=\"vertical\"><\/div><\/div><\/div><\/div>\n\n\n\n<div class=\"wp-block-gutena-accordion-panel-content gutena-accordion-block__panel-content\"><div class=\"gutena-accordion-block__panel-content-inner\">\n<p class=\" eplus-wrapper\"><strong>\u0160ifra projekta:&nbsp;<\/strong>PR-12213<\/p>\n\n\n\n<p class=\" eplus-wrapper\"><strong>Obdobje:&nbsp;<\/strong>1. 1. 2023-30. 6. 2025<\/p>\n\n\n\n<p class=\" eplus-wrapper\"><strong>Vodja projekta na F5:&nbsp;<\/strong>dr. Peter Jegli\u010d<\/p>\n\n\n\n<p class=\" eplus-wrapper\"><strong>Financer:<\/strong><\/p>\n\n\n\n<figure class=\" wp-block-image size-full eplus-wrapper\"><img loading=\"lazy\" decoding=\"async\" width=\"951\" height=\"89\" src=\"https:\/\/www-f5.ijs.si\/wp-content\/uploads\/2024\/10\/Untitled-2.png\" alt=\"\" class=\"wp-image-8776\" srcset=\"https:\/\/www-f5.ijs.si\/wp-content\/uploads\/2024\/10\/Untitled-2.png 951w, https:\/\/www-f5.ijs.si\/wp-content\/uploads\/2024\/10\/Untitled-2-300x28.png 300w, https:\/\/www-f5.ijs.si\/wp-content\/uploads\/2024\/10\/Untitled-2-768x72.png 768w, https:\/\/www-f5.ijs.si\/wp-content\/uploads\/2024\/10\/Untitled-2-200x19.png 200w, https:\/\/www-f5.ijs.si\/wp-content\/uploads\/2024\/10\/Untitled-2-400x37.png 400w, https:\/\/www-f5.ijs.si\/wp-content\/uploads\/2024\/10\/Untitled-2-600x56.png 600w, https:\/\/www-f5.ijs.si\/wp-content\/uploads\/2024\/10\/Untitled-2-800x75.png 800w\" sizes=\"auto, (max-width: 951px) 100vw, 951px\" \/><\/figure>\n\n\n\n<p class=\" eplus-wrapper\"><strong>Spletna stran projekta:<\/strong>&nbsp;<a href=\"http:\/\/siquid.fmf.uni-lj.si\/\" rel=\"noreferrer noopener\" target=\"_blank\">SIQUID<\/a><\/p>\n<\/div><\/div>\n<\/div>\n\n\n\n<div class=\"wp-block-gutena-accordion-panel gutena-accordion-block__panel\">\n<div class=\"wp-block-gutena-accordion-panel-title gutena-accordion-block__panel-title\"><div class=\"gutena-accordion-block__panel-title-inner\">\n<h6 class=\" wp-block-heading has-text-align-left eplus-wrapper\" style=\"margin-top:0px;margin-right:0px;margin-bottom:0px;margin-left:0px\"><a href=\"https:\/\/gen-ui.si\/\"><strong>Generative Artificial Intelligence in Education<\/strong><\/a><\/h6>\n<div class=\"trigger-up-down\"><div class=\"horizontal\"><\/div><div class=\"vertical\"><\/div><\/div><\/div><\/div>\n\n\n\n<div class=\"wp-block-gutena-accordion-panel-content gutena-accordion-block__panel-content\"><div class=\"gutena-accordion-block__panel-content-inner\">\n<p class=\" eplus-wrapper\"><br><strong>NRP project code<\/strong>: 3350-24-3502<\/p>\n\n\n\n<p class=\" eplus-wrapper\"><strong>Starting date<\/strong>: 21.\u00a05.\u00a02024<\/p>\n\n\n\n<p class=\" eplus-wrapper\"><strong>End date<\/strong>: 31.\u00a05.\u00a02026<\/p>\n\n\n\n<p class=\" eplus-wrapper\"><strong>Financier: <\/strong>Republic of Slovenia, Ministry of Education and the European Union \u2013 NextGenerationEU<\/p>\n\n\n\n<p class=\" eplus-wrapper\"><strong>Value<\/strong>: 1.000.000,00 EUR<\/p>\n\n\n\n<p class=\" eplus-wrapper\"><strong>J. Stefan Institute funding<\/strong>: 30.038,91 EUR<\/p>\n\n\n\n<p class=\" eplus-wrapper\"><strong>Coordinator<\/strong>: Zavod Antona Martina Slom\u0161ka<\/p>\n\n\n\n<p class=\" eplus-wrapper\"><strong>Participating organisations<\/strong>: UP PEF, UM PEF, UL PEF, Zavod RS za \u0161olstvo, J. Stefan Institute, UL FF, UL FRI, UM FERI, O\u0160 \u0160kofije<\/p>\n\n\n\n<p class=\" eplus-wrapper\"><strong>Participating researchers at J. Stefan Institute<\/strong>: prof. dr. Aleksander Zidan\u0161ek in doc. dr. Anton Gradi\u0161ek<\/p>\n\n\n\n<p class=\" eplus-wrapper\"><strong>Abstract<\/strong>:<\/p>\n\n\n\n<p class=\" eplus-wrapper\">The Generative Artificial Intelligence in Education project puts learner-centred learning and teaching at its heart. This means that a key starting point and purpose of the project is to study, design and apply guidelines for the meaningful use of generative artificial intelligence in learning and teaching in order to support the achievement of learning objectives. The theoretical foundations of the project are based on two models that are well established in the educational profession:<\/p>\n\n\n<ol style=\"list-style-type:lower-roman\" class=\" wp-block-list eplus-wrapper eplus-styles-uid-76115b\">\n<li class=\" eplus-wrapper\">TPACK model guiding teachers towards a didactically informed approach and the selection of appropriate technology that are complementary and at the same time support the learning and teaching process and<\/li>\n\n\n\n<li class=\" eplus-wrapper\">SAMR model assessing the level or quality of the use of technology (in this case artificial intelligence) in the learning and teaching process, in terms of reflecting on its added value in achieving the set content and process objectives and learners&#8217; competences.<\/li>\n<\/ol>\n\n\n<p class=\" eplus-wrapper\">The core of the project is an interplay of three areas: i) exploring the field of generative artificial intelligence, ii) testing pedagogical approaches in relation to generative artificial intelligence, and iii) appropriate content and applications (with artificial intelligence) that can support both the teacher and the learner in the teaching and learning process.<\/p>\n\n\n<ol class=\" wp-block-list eplus-wrapper eplus-styles-uid-bfed32\">\n<li class=\" eplus-wrapper\"><strong>Project results<\/strong>:<\/li>\n<\/ol>\n\n<ul class=\" wp-block-list eplus-wrapper eplus-styles-uid-267738\">\n<li class=\" eplus-wrapper\">To explore the impact of generative artificial intelligence on the perception and change of learning and teaching from the perspective of different stakeholders, considering didactical, legal, financial and ethical aspects of the use of generative artificial intelligence in education in our country.<\/li>\n\n\n\n<li class=\" eplus-wrapper\">To analyse the situation and needs of Higher Education Institutions for the efficient and effective use of generative artificial intelligence in the educational process in Slovenia.<\/li>\n\n\n\n<li class=\" eplus-wrapper\">To develop and test baseline guidelines for the effective and efficient use of generative artificial intelligence for modern learning and teaching of teachers and students.<\/li>\n\n\n\n<li class=\" eplus-wrapper\">Preparation, implementation and evaluation of sample learning scenarios in the field of the use of artificial intelligence in selected Higher Education Institutions.<\/li>\n\n\n\n<li class=\" eplus-wrapper\">Preparation of Guidelines for the efficient and effective use of generative artificial intelligence for and in education.<\/li>\n<\/ul>\n\n\n<p class=\" eplus-wrapper\"><strong>The project is funded by the Republic of Slovenia and the European Union under the Recovery and Resilience Plan \u2013 NextGenerationEU.<\/strong><\/p>\n\n\n\n<p class=\" eplus-wrapper\"><a href=\"https:\/\/www.gov.si\/zbirke\/projekti-in-programi\/nacrt-za-okrevanje-in-odpornost\"><strong>Link to The Recovery and Resilience Plan homepage noo.gov.si<\/strong><\/a><\/p>\n\n\n\n<p class=\" eplus-wrapper\"><\/p>\n\n\n\n<p class=\" eplus-wrapper\"><\/p>\n\n\n\n<figure class=\" wp-block-image size-full eplus-wrapper\"><img loading=\"lazy\" decoding=\"async\" width=\"951\" height=\"89\" src=\"https:\/\/www-f5.ijs.si\/wp-content\/uploads\/2024\/10\/Untitled-2.png\" alt=\"\" class=\"wp-image-8776\" srcset=\"https:\/\/www-f5.ijs.si\/wp-content\/uploads\/2024\/10\/Untitled-2.png 951w, https:\/\/www-f5.ijs.si\/wp-content\/uploads\/2024\/10\/Untitled-2-300x28.png 300w, https:\/\/www-f5.ijs.si\/wp-content\/uploads\/2024\/10\/Untitled-2-768x72.png 768w, https:\/\/www-f5.ijs.si\/wp-content\/uploads\/2024\/10\/Untitled-2-200x19.png 200w, https:\/\/www-f5.ijs.si\/wp-content\/uploads\/2024\/10\/Untitled-2-400x37.png 400w, https:\/\/www-f5.ijs.si\/wp-content\/uploads\/2024\/10\/Untitled-2-600x56.png 600w, https:\/\/www-f5.ijs.si\/wp-content\/uploads\/2024\/10\/Untitled-2-800x75.png 800w\" sizes=\"auto, (max-width: 951px) 100vw, 951px\" \/><\/figure>\n\n\n\n<p class=\" eplus-wrapper\"><strong>Spletna stran projekta:<\/strong>&nbsp;<a href=\"http:\/\/siquid.fmf.uni-lj.si\/\" rel=\"noreferrer noopener\" target=\"_blank\">SIQUID<\/a><\/p>\n<\/div><\/div>\n<\/div>\n<\/div>\n","protected":false},"excerpt":{"rendered":"","protected":false},"author":2,"featured_media":8777,"parent":0,"menu_order":0,"comment_status":"closed","ping_status":"closed","template":"","meta":{"_acf_changed":false,"_editorskit_title_hidden":false,"_editorskit_reading_time":0,"_editorskit_is_block_options_detached":false,"_editorskit_block_options_position":"{}","editor_plus_copied_stylings":"{}","footnotes":""},"class_list":["post-6285","page","type-page","status-publish","has-post-thumbnail","hentry"],"acf":[],"yoast_head":"<!-- This site is optimized with the Yoast SEO plugin v27.3 - https:\/\/yoast.com\/product\/yoast-seo-wordpress\/ -->\n<title>NOO - In\u0161titut Jo\u017eef Stefan<\/title>\n<meta name=\"robots\" content=\"index, follow, max-snippet:-1, max-image-preview:large, max-video-preview:-1\" \/>\n<link rel=\"canonical\" href=\"https:\/\/www-f5.ijs.si\/en\/noo\" \/>\n<meta property=\"og:locale\" content=\"en_US\" \/>\n<meta property=\"og:type\" content=\"article\" \/>\n<meta property=\"og:title\" content=\"NOO - In\u0161titut Jo\u017eef Stefan\" \/>\n<meta property=\"og:url\" content=\"https:\/\/www-f5.ijs.si\/en\/noo\" \/>\n<meta property=\"og:site_name\" content=\"In\u0161titut Jo\u017eef Stefan\" \/>\n<meta property=\"article:modified_time\" content=\"2024-10-17T08:15:42+00:00\" \/>\n<meta property=\"og:image\" content=\"https:\/\/www-f5.ijs.si\/wp-content\/uploads\/2024\/10\/Untitled-2.png\" \/>\n\t<meta property=\"og:image:width\" content=\"951\" \/>\n\t<meta property=\"og:image:height\" content=\"89\" \/>\n\t<meta property=\"og:image:type\" content=\"image\/png\" \/>\n<meta name=\"twitter:card\" content=\"summary_large_image\" \/>\n<meta name=\"twitter:label1\" content=\"Est. reading time\" \/>\n\t<meta name=\"twitter:data1\" content=\"4 minutes\" \/>\n<script type=\"application\/ld+json\" class=\"yoast-schema-graph\">{\"@context\":\"https:\\\/\\\/schema.org\",\"@graph\":[{\"@type\":\"WebPage\",\"@id\":\"https:\\\/\\\/www-f5.ijs.si\\\/en\\\/noo\",\"url\":\"https:\\\/\\\/www-f5.ijs.si\\\/en\\\/noo\",\"name\":\"NOO - In\u0161titut Jo\u017eef Stefan\",\"isPartOf\":{\"@id\":\"https:\\\/\\\/www-f5.ijs.si\\\/#website\"},\"primaryImageOfPage\":{\"@id\":\"https:\\\/\\\/www-f5.ijs.si\\\/en\\\/noo#primaryimage\"},\"image\":{\"@id\":\"https:\\\/\\\/www-f5.ijs.si\\\/en\\\/noo#primaryimage\"},\"thumbnailUrl\":\"https:\\\/\\\/www-f5.ijs.si\\\/wp-content\\\/uploads\\\/2024\\\/10\\\/Untitled-2.png\",\"datePublished\":\"2023-08-25T10:53:20+00:00\",\"dateModified\":\"2024-10-17T08:15:42+00:00\",\"inLanguage\":\"en-US\",\"potentialAction\":[{\"@type\":\"ReadAction\",\"target\":[\"https:\\\/\\\/www-f5.ijs.si\\\/en\\\/noo\"]}]},{\"@type\":\"ImageObject\",\"inLanguage\":\"en-US\",\"@id\":\"https:\\\/\\\/www-f5.ijs.si\\\/en\\\/noo#primaryimage\",\"url\":\"https:\\\/\\\/www-f5.ijs.si\\\/wp-content\\\/uploads\\\/2024\\\/10\\\/Untitled-2.png\",\"contentUrl\":\"https:\\\/\\\/www-f5.ijs.si\\\/wp-content\\\/uploads\\\/2024\\\/10\\\/Untitled-2.png\",\"width\":951,\"height\":89},{\"@type\":\"WebSite\",\"@id\":\"https:\\\/\\\/www-f5.ijs.si\\\/#website\",\"url\":\"https:\\\/\\\/www-f5.ijs.si\\\/\",\"name\":\"In\u0161titut Jo\u017eef Stefan\",\"description\":\"\",\"potentialAction\":[{\"@type\":\"SearchAction\",\"target\":{\"@type\":\"EntryPoint\",\"urlTemplate\":\"https:\\\/\\\/www-f5.ijs.si\\\/?s={search_term_string}\"},\"query-input\":{\"@type\":\"PropertyValueSpecification\",\"valueRequired\":true,\"valueName\":\"search_term_string\"}}],\"inLanguage\":\"en-US\"}]}<\/script>\n<!-- \/ Yoast SEO plugin. -->","yoast_head_json":{"title":"NOO - In\u0161titut Jo\u017eef Stefan","robots":{"index":"index","follow":"follow","max-snippet":"max-snippet:-1","max-image-preview":"max-image-preview:large","max-video-preview":"max-video-preview:-1"},"canonical":"https:\/\/www-f5.ijs.si\/en\/noo","og_locale":"en_US","og_type":"article","og_title":"NOO - In\u0161titut Jo\u017eef Stefan","og_url":"https:\/\/www-f5.ijs.si\/en\/noo","og_site_name":"In\u0161titut Jo\u017eef Stefan","article_modified_time":"2024-10-17T08:15:42+00:00","og_image":[{"width":951,"height":89,"url":"https:\/\/www-f5.ijs.si\/wp-content\/uploads\/2024\/10\/Untitled-2.png","type":"image\/png"}],"twitter_card":"summary_large_image","twitter_misc":{"Est. reading time":"4 minutes"},"schema":{"@context":"https:\/\/schema.org","@graph":[{"@type":"WebPage","@id":"https:\/\/www-f5.ijs.si\/en\/noo","url":"https:\/\/www-f5.ijs.si\/en\/noo","name":"NOO - In\u0161titut Jo\u017eef Stefan","isPartOf":{"@id":"https:\/\/www-f5.ijs.si\/#website"},"primaryImageOfPage":{"@id":"https:\/\/www-f5.ijs.si\/en\/noo#primaryimage"},"image":{"@id":"https:\/\/www-f5.ijs.si\/en\/noo#primaryimage"},"thumbnailUrl":"https:\/\/www-f5.ijs.si\/wp-content\/uploads\/2024\/10\/Untitled-2.png","datePublished":"2023-08-25T10:53:20+00:00","dateModified":"2024-10-17T08:15:42+00:00","inLanguage":"en-US","potentialAction":[{"@type":"ReadAction","target":["https:\/\/www-f5.ijs.si\/en\/noo"]}]},{"@type":"ImageObject","inLanguage":"en-US","@id":"https:\/\/www-f5.ijs.si\/en\/noo#primaryimage","url":"https:\/\/www-f5.ijs.si\/wp-content\/uploads\/2024\/10\/Untitled-2.png","contentUrl":"https:\/\/www-f5.ijs.si\/wp-content\/uploads\/2024\/10\/Untitled-2.png","width":951,"height":89},{"@type":"WebSite","@id":"https:\/\/www-f5.ijs.si\/#website","url":"https:\/\/www-f5.ijs.si\/","name":"In\u0161titut Jo\u017eef Stefan","description":"","potentialAction":[{"@type":"SearchAction","target":{"@type":"EntryPoint","urlTemplate":"https:\/\/www-f5.ijs.si\/?s={search_term_string}"},"query-input":{"@type":"PropertyValueSpecification","valueRequired":true,"valueName":"search_term_string"}}],"inLanguage":"en-US"}]}},"_links":{"self":[{"href":"https:\/\/www-f5.ijs.si\/en\/wp-json\/wp\/v2\/pages\/6285","targetHints":{"allow":["GET"]}}],"collection":[{"href":"https:\/\/www-f5.ijs.si\/en\/wp-json\/wp\/v2\/pages"}],"about":[{"href":"https:\/\/www-f5.ijs.si\/en\/wp-json\/wp\/v2\/types\/page"}],"author":[{"embeddable":true,"href":"https:\/\/www-f5.ijs.si\/en\/wp-json\/wp\/v2\/users\/2"}],"replies":[{"embeddable":true,"href":"https:\/\/www-f5.ijs.si\/en\/wp-json\/wp\/v2\/comments?post=6285"}],"version-history":[{"count":3,"href":"https:\/\/www-f5.ijs.si\/en\/wp-json\/wp\/v2\/pages\/6285\/revisions"}],"predecessor-version":[{"id":8790,"href":"https:\/\/www-f5.ijs.si\/en\/wp-json\/wp\/v2\/pages\/6285\/revisions\/8790"}],"wp:featuredmedia":[{"embeddable":true,"href":"https:\/\/www-f5.ijs.si\/en\/wp-json\/wp\/v2\/media\/8777"}],"wp:attachment":[{"href":"https:\/\/www-f5.ijs.si\/en\/wp-json\/wp\/v2\/media?parent=6285"}],"curies":[{"name":"wp","href":"https:\/\/api.w.org\/{rel}","templated":true}]}}