{"id":8368,"date":"2024-01-30T08:10:26","date_gmt":"2024-01-30T08:10:26","guid":{"rendered":"https:\/\/www-f5.ijs.si\/?page_id=8368"},"modified":"2024-01-30T08:10:27","modified_gmt":"2024-01-30T08:10:27","slug":"vsr-jampani","status":"publish","type":"page","link":"https:\/\/www-f5.ijs.si\/en\/vsr-jampani","title":{"rendered":"VSR Jampani"},"content":{"rendered":"\n<div class=\"wp-block-gutena-tabs gutena-tabs-block gutena-tabs-block-9ebbde-84 mobile-scroll\"><ul class=\"gutena-tabs-tab tab-left\"><li class=\"gutena-tab-title active\" data-tab=\"1\"><div class=\"gutena-tab-title-content icon-top\"><div class=\"gutena-tab-title-text\"><div>CV<\/div><\/div><\/div><\/li><\/ul><div class=\"gutena-tabs-content is-layout-flow wp-block-gutena-tabs-is-layout-flow\">\n<div class=\"wp-block-gutena-tab gutena-tab-block gutena-tab-block-474bba-6f active\" data-tab=\"1\">\n<p class=\" eplus-wrapper\"><a href=\"https:\/\/interfacialsoftmatter.ijs.si\/\" target=\"_blank\" rel=\"noreferrer noopener\"><strong>interfacialsoftmatter.ijs.si<\/strong><\/a><\/p>\n\n\n\n<p class=\" eplus-wrapper\"><strong>EDUCATION<\/strong><\/p>\n\n\n\n<p class=\" eplus-wrapper\"><em>11\/07\/2013 &#8211;&nbsp;<\/em>PhD Physics, Faculty of Physics and Mathematics\/University of Ljubljana\/Slovenia. Thesis:<em>&nbsp;Chiral nematic colloidal interactions and photonic properties of nematic colloids.&nbsp;<\/em>Supervisor: Igor Mu\u0161evi\u010d.<\/p>\n\n\n\n<p class=\" eplus-wrapper\"><em>2006&nbsp;<\/em><em>&#8211;&nbsp;<\/em><em>2009<\/em>&nbsp;&#8211; M.Sc. Engineering Physics, Department of Physics\/ National Institute of Technology, Warangal (NITW)\/Telangana, India<em>.&nbsp;<\/em>Thesis:<em>&nbsp;Construction of optical setup of Cesium atomic fountain clock,&nbsp;<\/em>carried out at National Physical Laboratory (NPL). Advisors: Dinakar Dantala (NITW), Ashish Agarwal (NPL-Delhi).<\/p>\n\n\n\n<p class=\" eplus-wrapper\"><strong>CURRENT POSITION<\/strong><\/p>\n\n\n\n<p class=\" eplus-wrapper\"><em>2021 &#8211; present &#8211;&nbsp;<\/em>Principal Investigator of the Interfacialsoftmatter lab, Condensed Matter Physics\/Jozef Stefan Institute\/Slovenia.<\/p>\n\n\n\n<p class=\" eplus-wrapper\"><strong>PREVIOUS POSITIONS<\/strong><\/p>\n\n\n\n<p class=\" eplus-wrapper\"><em>2017 &#8211; 2020 &#8211;&nbsp;<\/em>Junior Principal Investigator, Physics and Materials Science Research Unit, FNR Core-Junior PI, University of Luxembourg.<\/p>\n\n\n\n<p class=\" eplus-wrapper\"><em>2015 &#8211; 2017 &#8211;&nbsp;<\/em>Postdoc Researcher, Physics and Materials Science Research Unit, University of Luxembourg. Supervisor: Prof. Jan Lagerwall.<\/p>\n\n\n\n<p class=\" eplus-wrapper\"><em>2014 &#8211; 2015 &#8211;&nbsp;<\/em>Postdoc Researcher, Physicochemical Soft Matter Research Unit, RIKEN, CEMS, Japan. Supervisor: Dr. Fumito Araoka.<\/p>\n\n\n\n<p class=\" eplus-wrapper\"><em>2013 &#8211; 2014 &#8211;&nbsp;<\/em>Postdoc Researcher, Max-Planck MPIDS, Goettingen, Germany. Supervisor: Dr. Christian Bahr.<\/p>\n\n\n\n<p class=\" eplus-wrapper\"><em>2009 &#8211; 2013 &#8211;&nbsp;<\/em>Marie Curie Early-Stage Researcher, Jo\u017eef Stefan Institute, Slovenia. Supervisor: Prof. Igor Mu\u0161evi\u010d.<\/p>\n\n\n<p class=\" eplus-wrapper eplus-styles-uid-af32dd\">.<a href=\"https:\/\/www-f5.ijs.si\/alan-gregorovi-.html#\"><\/a><\/p><\/div>\n<\/div><\/div>\n","protected":false},"excerpt":{"rendered":"","protected":false},"author":3,"featured_media":0,"parent":0,"menu_order":0,"comment_status":"closed","ping_status":"closed","template":"","meta":{"_acf_changed":false,"_editorskit_title_hidden":false,"_editorskit_reading_time":0,"_editorskit_is_block_options_detached":false,"_editorskit_block_options_position":"{}","editor_plus_copied_stylings":"{}","footnotes":""},"class_list":["post-8368","page","type-page","status-publish","hentry"],"acf":[],"yoast_head":"<!-- This site is optimized with the Yoast SEO plugin v27.3 - https:\/\/yoast.com\/product\/yoast-seo-wordpress\/ -->\n<title>VSR Jampani - In\u0161titut Jo\u017eef Stefan<\/title>\n<meta name=\"robots\" content=\"index, follow, max-snippet:-1, max-image-preview:large, max-video-preview:-1\" \/>\n<link rel=\"canonical\" href=\"https:\/\/www-f5.ijs.si\/en\/vsr-jampani\" \/>\n<meta property=\"og:locale\" content=\"en_US\" \/>\n<meta property=\"og:type\" content=\"article\" \/>\n<meta property=\"og:title\" content=\"VSR Jampani - In\u0161titut Jo\u017eef Stefan\" \/>\n<meta property=\"og:url\" content=\"https:\/\/www-f5.ijs.si\/en\/vsr-jampani\" \/>\n<meta property=\"og:site_name\" content=\"In\u0161titut Jo\u017eef Stefan\" \/>\n<meta property=\"article:modified_time\" content=\"2024-01-30T08:10:27+00:00\" \/>\n<meta name=\"twitter:card\" content=\"summary_large_image\" \/>\n<meta name=\"twitter:label1\" content=\"Est. reading time\" \/>\n\t<meta name=\"twitter:data1\" content=\"1 minute\" \/>\n<script type=\"application\/ld+json\" class=\"yoast-schema-graph\">{\"@context\":\"https:\\\/\\\/schema.org\",\"@graph\":[{\"@type\":\"WebPage\",\"@id\":\"https:\\\/\\\/www-f5.ijs.si\\\/en\\\/vsr-jampani\",\"url\":\"https:\\\/\\\/www-f5.ijs.si\\\/en\\\/vsr-jampani\",\"name\":\"VSR Jampani - In\u0161titut Jo\u017eef Stefan\",\"isPartOf\":{\"@id\":\"https:\\\/\\\/www-f5.ijs.si\\\/#website\"},\"datePublished\":\"2024-01-30T08:10:26+00:00\",\"dateModified\":\"2024-01-30T08:10:27+00:00\",\"inLanguage\":\"en-US\",\"potentialAction\":[{\"@type\":\"ReadAction\",\"target\":[\"https:\\\/\\\/www-f5.ijs.si\\\/en\\\/vsr-jampani\"]}]},{\"@type\":\"WebSite\",\"@id\":\"https:\\\/\\\/www-f5.ijs.si\\\/#website\",\"url\":\"https:\\\/\\\/www-f5.ijs.si\\\/\",\"name\":\"In\u0161titut Jo\u017eef Stefan\",\"description\":\"\",\"potentialAction\":[{\"@type\":\"SearchAction\",\"target\":{\"@type\":\"EntryPoint\",\"urlTemplate\":\"https:\\\/\\\/www-f5.ijs.si\\\/?s={search_term_string}\"},\"query-input\":{\"@type\":\"PropertyValueSpecification\",\"valueRequired\":true,\"valueName\":\"search_term_string\"}}],\"inLanguage\":\"en-US\"}]}<\/script>\n<!-- \/ Yoast SEO plugin. -->","yoast_head_json":{"title":"VSR Jampani - In\u0161titut Jo\u017eef Stefan","robots":{"index":"index","follow":"follow","max-snippet":"max-snippet:-1","max-image-preview":"max-image-preview:large","max-video-preview":"max-video-preview:-1"},"canonical":"https:\/\/www-f5.ijs.si\/en\/vsr-jampani","og_locale":"en_US","og_type":"article","og_title":"VSR Jampani - In\u0161titut Jo\u017eef Stefan","og_url":"https:\/\/www-f5.ijs.si\/en\/vsr-jampani","og_site_name":"In\u0161titut Jo\u017eef Stefan","article_modified_time":"2024-01-30T08:10:27+00:00","twitter_card":"summary_large_image","twitter_misc":{"Est. reading time":"1 minute"},"schema":{"@context":"https:\/\/schema.org","@graph":[{"@type":"WebPage","@id":"https:\/\/www-f5.ijs.si\/en\/vsr-jampani","url":"https:\/\/www-f5.ijs.si\/en\/vsr-jampani","name":"VSR Jampani - In\u0161titut Jo\u017eef Stefan","isPartOf":{"@id":"https:\/\/www-f5.ijs.si\/#website"},"datePublished":"2024-01-30T08:10:26+00:00","dateModified":"2024-01-30T08:10:27+00:00","inLanguage":"en-US","potentialAction":[{"@type":"ReadAction","target":["https:\/\/www-f5.ijs.si\/en\/vsr-jampani"]}]},{"@type":"WebSite","@id":"https:\/\/www-f5.ijs.si\/#website","url":"https:\/\/www-f5.ijs.si\/","name":"In\u0161titut Jo\u017eef Stefan","description":"","potentialAction":[{"@type":"SearchAction","target":{"@type":"EntryPoint","urlTemplate":"https:\/\/www-f5.ijs.si\/?s={search_term_string}"},"query-input":{"@type":"PropertyValueSpecification","valueRequired":true,"valueName":"search_term_string"}}],"inLanguage":"en-US"}]}},"_links":{"self":[{"href":"https:\/\/www-f5.ijs.si\/en\/wp-json\/wp\/v2\/pages\/8368","targetHints":{"allow":["GET"]}}],"collection":[{"href":"https:\/\/www-f5.ijs.si\/en\/wp-json\/wp\/v2\/pages"}],"about":[{"href":"https:\/\/www-f5.ijs.si\/en\/wp-json\/wp\/v2\/types\/page"}],"author":[{"embeddable":true,"href":"https:\/\/www-f5.ijs.si\/en\/wp-json\/wp\/v2\/users\/3"}],"replies":[{"embeddable":true,"href":"https:\/\/www-f5.ijs.si\/en\/wp-json\/wp\/v2\/comments?post=8368"}],"version-history":[{"count":1,"href":"https:\/\/www-f5.ijs.si\/en\/wp-json\/wp\/v2\/pages\/8368\/revisions"}],"predecessor-version":[{"id":8370,"href":"https:\/\/www-f5.ijs.si\/en\/wp-json\/wp\/v2\/pages\/8368\/revisions\/8370"}],"wp:attachment":[{"href":"https:\/\/www-f5.ijs.si\/en\/wp-json\/wp\/v2\/media?parent=8368"}],"curies":[{"name":"wp","href":"https:\/\/api.w.org\/{rel}","templated":true}]}}